{"id":18,"date":"2020-12-14T11:28:32","date_gmt":"2020-12-14T14:28:32","guid":{"rendered":"http:\/\/galo.rduphold.com.br\/?page_id=18"},"modified":"2021-04-27T17:05:28","modified_gmt":"2021-04-27T20:05:28","slug":"home","status":"publish","type":"page","link":"http:\/\/galo.rduphold.com.br\/","title":{"rendered":"Home"},"content":{"rendered":"\t\t<div data-elementor-type=\"wp-page\" data-elementor-id=\"18\" class=\"elementor elementor-18\" data-elementor-settings=\"[]\">\n\t\t\t\t\t\t<div class=\"elementor-inner\">\n\t\t\t\t\t\t\t<div class=\"elementor-section-wrap\">\n\t\t\t\t\t\t\t<section data-particle_enable=\"false\" data-particle-mobile-disabled=\"false\" class=\"elementor-section elementor-top-section elementor-element elementor-element-9b3628f elementor-section-full_width elementor-section-stretched elementor-section-height-default elementor-section-height-default\" data-id=\"9b3628f\" data-element_type=\"section\" data-settings=\"{&quot;stretch_section&quot;:&quot;section-stretched&quot;}\">\n\t\t\t\t\t\t<div class=\"elementor-container elementor-column-gap-default\">\n\t\t\t\t\t\t\t<div class=\"elementor-row\">\n\t\t\t\t\t<div class=\"elementor-column elementor-col-100 elementor-top-column elementor-element elementor-element-758dc70\" data-id=\"758dc70\" data-element_type=\"column\">\n\t\t\t<div class=\"elementor-column-wrap elementor-element-populated\">\n\t\t\t\t\t\t\t<div class=\"elementor-widget-wrap\">\n\t\t\t\t\t\t<div class=\"elementor-element elementor-element-8410ead elementor-widget__width-inherit elementor-arrows-position-inside elementor-pagination-position-outside elementor-widget elementor-widget-image-carousel\" data-id=\"8410ead\" data-element_type=\"widget\" data-settings=\"{&quot;slides_to_show&quot;:&quot;1&quot;,&quot;navigation&quot;:&quot;both&quot;,&quot;autoplay&quot;:&quot;yes&quot;,&quot;pause_on_hover&quot;:&quot;yes&quot;,&quot;pause_on_interaction&quot;:&quot;yes&quot;,&quot;autoplay_speed&quot;:5000,&quot;infinite&quot;:&quot;yes&quot;,&quot;effect&quot;:&quot;slide&quot;,&quot;speed&quot;:500}\" data-widget_type=\"image-carousel.default\">\n\t\t\t\t<div class=\"elementor-widget-container\">\n\t\t\t\t\t<div class=\"elementor-image-carousel-wrapper swiper-container\" dir=\"ltr\">\n\t\t\t<div class=\"elementor-image-carousel swiper-wrapper swiper-image-stretch\">\n\t\t\t\t<div class=\"swiper-slide\"><figure class=\"swiper-slide-inner\"><img class=\"swiper-slide-image\" src=\"http:\/\/galo.rduphold.com.br\/wp-content\/uploads\/2020\/12\/Banner-RDUphold.jpeg\" alt=\"Banner RDUphold\" \/><\/figure><\/div><div class=\"swiper-slide\"><figure class=\"swiper-slide-inner\"><img class=\"swiper-slide-image\" src=\"http:\/\/galo.rduphold.com.br\/wp-content\/uploads\/2020\/12\/BannerFinalCopadoBrasil.jpeg\" alt=\"BannerFinalCopadoBrasil\" \/><\/figure><\/div><div class=\"swiper-slide\"><figure class=\"swiper-slide-inner\"><img class=\"swiper-slide-image\" src=\"http:\/\/galo.rduphold.com.br\/wp-content\/uploads\/2020\/12\/Banner-Galo.jpeg\" alt=\"Banner Galo\" \/><\/figure><\/div><div class=\"swiper-slide\"><figure class=\"swiper-slide-inner\"><img class=\"swiper-slide-image\" src=\"http:\/\/galo.rduphold.com.br\/wp-content\/uploads\/2020\/12\/Banner-RD.jpeg\" alt=\"Banner RD\" \/><\/figure><\/div>\t\t\t<\/div>\n\t\t\t\t\t\t\t\t\t\t\t\t<div class=\"swiper-pagination\"><\/div>\n\t\t\t\t\t\t\t\t\t\t\t\t\t<div class=\"elementor-swiper-button elementor-swiper-button-prev\">\n\t\t\t\t\t\t<i class=\"eicon-chevron-left\" aria-hidden=\"true\"><\/i>\n\t\t\t\t\t\t<span class=\"elementor-screen-only\">Anterior<\/span>\n\t\t\t\t\t<\/div>\n\t\t\t\t\t<div class=\"elementor-swiper-button elementor-swiper-button-next\">\n\t\t\t\t\t\t<i class=\"eicon-chevron-right\" aria-hidden=\"true\"><\/i>\n\t\t\t\t\t\t<span class=\"elementor-screen-only\">Pr\u00f3ximo<\/span>\n\t\t\t\t\t<\/div>\n\t\t\t\t\t\t\t\t\t<\/div>\n\t\t\t\t<\/div>\n\t\t\t\t<\/div>\n\t\t\t\t\t\t<\/div>\n\t\t\t\t\t<\/div>\n\t\t<\/div>\n\t\t\t\t\t\t\t\t<\/div>\n\t\t\t\t\t<\/div>\n\t\t<\/section>\n\t\t\t\t<section data-particle_enable=\"false\" data-particle-mobile-disabled=\"false\" class=\"elementor-section elementor-top-section elementor-element elementor-element-41ab692 elementor-section-boxed elementor-section-height-default elementor-section-height-default\" data-id=\"41ab692\" data-element_type=\"section\">\n\t\t\t\t\t\t<div class=\"elementor-container elementor-column-gap-default\">\n\t\t\t\t\t\t\t<div class=\"elementor-row\">\n\t\t\t\t\t<div class=\"elementor-column elementor-col-100 elementor-top-column elementor-element elementor-element-c48842e\" data-id=\"c48842e\" data-element_type=\"column\">\n\t\t\t<div class=\"elementor-column-wrap elementor-element-populated\">\n\t\t\t\t\t\t\t<div class=\"elementor-widget-wrap\">\n\t\t\t\t\t\t<div class=\"elementor-element elementor-element-41629cc elementor-widget elementor-widget-ucaddon_woocommerce_product_carousel\" data-id=\"41629cc\" data-element_type=\"widget\" data-widget_type=\"ucaddon_woocommerce_product_carousel.default\">\n\t\t\t\t<div class=\"elementor-widget-container\">\n\t\t\t<!-- start Woocommerce Product Carousel -->\n\t\t<link id='owl-carousel-css' href='http:\/\/galo.rduphold.com.br\/wp-content\/plugins\/unlimited-elements-for-elementor-premium\/assets_libraries\/owl-carousel\/assets\/owl.carousel.css' type='text\/css' rel='stylesheet' >\n\n\t\t\t<style type=\"text\/css\">\/* widget: Woocommerce Product Carousel *\/\n\n#uc_woocommerce_product_carousel_elementor15701 *{\n  box-sizing:border-box;\n}\n\n#uc_woocommerce_product_carousel_elementor15701 .uc_image_carousel_content\n{ \n  box-sizing:border-box;\n}\n\n#uc_woocommerce_product_carousel_elementor15701 .uc_image_carousel_placeholder\n{\n  overflow:hidden;\n  position:relative;\n}\n\n#uc_woocommerce_product_carousel_elementor15701{\n  position:relative;\n}\n\n.uc_post_title{\n  font-size:21px;\n}\n\n\n#uc_woocommerce_product_carousel_elementor15701 .owl-carousel .owl-nav .owl-prev{\n    position:absolute;\n    left:-100px;\n    display:inline-block;\n    text-align:center;\n}\n#uc_woocommerce_product_carousel_elementor15701 .owl-carousel .owl-nav .owl-next{\n  position:absolute;\n    right:-100px;\n  display:inline-block;\n  text-align:center;\n}\n\n#uc_woocommerce_product_carousel_elementor15701 .owl-carousel .owl-nav .owl-prev:after{\n    content: \"\u2190\";\n}\n#uc_woocommerce_product_carousel_elementor15701 .owl-carousel .owl-nav .owl-next:after{\n    content: \"\u2192\";\n}\n\n\n#uc_woocommerce_product_carousel_elementor15701 .uc_image_carousel_container_holder{\n  text-align:center;\n  overflow:hidden;\n}\n\n#uc_woocommerce_product_carousel_elementor15701 .uc_btn, .uc-button-addcart, .added_to_cart{\n \n    display:block;\n  text-decoration:none;\n  text-align:center;\n}\n\n\n\n#uc_woocommerce_product_carousel_elementor15701 .owl-dots {\noverflow:hidden;\n display:block !important;\ntext-align:center;\n}\n\n#uc_woocommerce_product_carousel_elementor15701 .owl-dot {\nborder-radius:50%;\ndisplay:inline-block;\n}\n\n\n\n\n\n\n\n\n\n\n\n.uc-button-addcart.added\n{\n  display:none !important;\n}\n\n.uc_prices > div\n{\n  display:block;\n}\n\n\n#uc_woocommerce_product_carousel_elementor15701 .uc_image_carousel_container_holder .uc_product_image\n{\n  transition:0.5s;\n}\n\n\n\n\n\n\n\n#uc_woocommerce_product_carousel_elementor15701 .ue_woocommerce_product_carousel_sale_label\n{\n  display:inline-block;\n  position:absolute;\n  left:10px;\n  top:10px;\n}\n\t#uc_woocommerce_product_carousel_elementor15701_item1 .uc_sale_currency\n    {\n      display:none\n    }\n\n\t#uc_woocommerce_product_carousel_elementor15701_item2 .uc_sale_currency\n    {\n      display:none\n    }\n\n\n\n<\/style>\n\n\t\t\t<div class=\"uc_overlay_image_carousel\" id=\"uc_woocommerce_product_carousel_elementor15701\" style=\"direction:ltr;\">\n   <div class=\"uc_carousel owl-carousel owl-theme\">\n   \t\t<div class=\"uc_image_carousel_container_holder\" id=\"uc_woocommerce_product_carousel_elementor15701_item1\">\n  <div class=\"uc_image_carousel_placeholder\" style=\"position:relative;\">\n    <a href=\"http:\/\/galo.rduphold.com.br\/index.php\/produto\/caneca-oficial-galo-futsal\/\">\n      <div class=\"uc_product_image\" style=\"background-image:url(http:\/\/galo.rduphold.com.br\/wp-content\/uploads\/2020\/12\/Caneca-02.jpeg); background-size:contain;background-position:center;background-color:white;background-repeat:no-repeat;\">\n            \n            \n      <\/div>\n    <\/a>\n                    \t\n\n    \n  <\/div>\n\n  <div class=\"uc_image_carousel_content\" >\n        <div class=\"uc_post_title\"><a href=\"http:\/\/galo.rduphold.com.br\/index.php\/produto\/caneca-oficial-galo-futsal\/\">Caneca Oficial Galo Futsal<\/a><\/div>    <div class=\"uc_prices\">\n       <div class=\"uc_price\">&#82;&#36;20<\/div>           <\/div>\n    <div class=\"uc_buttons\">\n      <a class=\"uc_btn\"  href=\"http:\/\/galo.rduphold.com.br\/index.php\/produto\/caneca-oficial-galo-futsal\/\">Ver Detalhes<\/a>          <\/div>\n   <\/div>\n<\/div>\n<div class=\"uc_image_carousel_container_holder\" id=\"uc_woocommerce_product_carousel_elementor15701_item2\">\n  <div class=\"uc_image_carousel_placeholder\" style=\"position:relative;\">\n    <a href=\"http:\/\/galo.rduphold.com.br\/index.php\/produto\/bone-oficial-galo-futsal-2020\/\">\n      <div class=\"uc_product_image\" style=\"background-image:url(http:\/\/galo.rduphold.com.br\/wp-content\/uploads\/2020\/12\/Bone.jpeg); background-size:contain;background-position:center;background-color:white;background-repeat:no-repeat;\">\n            \n            \n      <\/div>\n    <\/a>\n                    \t\n\n    \n  <\/div>\n\n  <div class=\"uc_image_carousel_content\" >\n        <div class=\"uc_post_title\"><a href=\"http:\/\/galo.rduphold.com.br\/index.php\/produto\/bone-oficial-galo-futsal-2020\/\">Bon\u00e9 Oficial Galo Futsal 2020<\/a><\/div>    <div class=\"uc_prices\">\n       <div class=\"uc_price\">&#82;&#36;30<\/div>           <\/div>\n    <div class=\"uc_buttons\">\n      <a class=\"uc_btn\"  href=\"http:\/\/galo.rduphold.com.br\/index.php\/produto\/bone-oficial-galo-futsal-2020\/\">Ver Detalhes<\/a>          <\/div>\n   <\/div>\n<\/div>\n\n   <\/div>\t\n<\/div>\n\t\t\t<!-- end Woocommerce Product Carousel -->\t\t<\/div>\n\t\t\t\t<\/div>\n\t\t\t\t<div class=\"elementor-element elementor-element-186ceb3 elementor-products-columns-4 elementor-products-grid elementor-wc-products elementor-show-pagination-border-yes elementor-widget elementor-widget-woocommerce-products\" data-id=\"186ceb3\" data-element_type=\"widget\" data-widget_type=\"woocommerce-products.default\">\n\t\t\t\t<div class=\"elementor-widget-container\">\n\t\t\t<div class=\"woocommerce columns-4 \"><div class=\"oceanwp-toolbar clr\"><\/div>\n<ul class=\"products oceanwp-row clr grid\">\n<li class=\"entry has-media has-product-nav col span_1_of_4 owp-content-center owp-thumbs-layout-horizontal owp-btn-normal owp-tabs-layout-horizontal circle-sale product type-product post-150 status-publish first instock product_cat-acessorios has-post-thumbnail taxable shipping-taxable purchasable product-type-simple\">\n\t<div class=\"product-inner clr\">\n\t<div class=\"woo-entry-image-swap woo-entry-image clr\">\n\t\t<a href=\"http:\/\/galo.rduphold.com.br\/index.php\/produto\/caneca-oficial-galo-futsal\/\" class=\"woocommerce-LoopProduct-link\"><img width=\"300\" height=\"400\" src=\"http:\/\/galo.rduphold.com.br\/wp-content\/uploads\/2020\/12\/Caneca-02-300x400.jpeg\" class=\"woo-entry-image-main\" alt=\"Caneca Oficial Galo Futsal\" loading=\"lazy\" itemprop=\"image\" srcset=\"http:\/\/galo.rduphold.com.br\/wp-content\/uploads\/2020\/12\/Caneca-02-300x400.jpeg 300w, http:\/\/galo.rduphold.com.br\/wp-content\/uploads\/2020\/12\/Caneca-02-225x300.jpeg 225w, http:\/\/galo.rduphold.com.br\/wp-content\/uploads\/2020\/12\/Caneca-02-600x800.jpeg 600w, http:\/\/galo.rduphold.com.br\/wp-content\/uploads\/2020\/12\/Caneca-02.jpeg 768w\" sizes=\"(max-width: 300px) 100vw, 300px\" \/><img width=\"300\" height=\"400\" src=\"http:\/\/galo.rduphold.com.br\/wp-content\/uploads\/2020\/12\/Caneca01-300x400.jpeg\" class=\"woo-entry-image-secondary\" alt=\"Caneca Oficial Galo Futsal\" loading=\"lazy\" itemprop=\"image\" srcset=\"http:\/\/galo.rduphold.com.br\/wp-content\/uploads\/2020\/12\/Caneca01-300x400.jpeg 300w, http:\/\/galo.rduphold.com.br\/wp-content\/uploads\/2020\/12\/Caneca01-225x300.jpeg 225w, http:\/\/galo.rduphold.com.br\/wp-content\/uploads\/2020\/12\/Caneca01-600x800.jpeg 600w, http:\/\/galo.rduphold.com.br\/wp-content\/uploads\/2020\/12\/Caneca01.jpeg 768w\" sizes=\"(max-width: 300px) 100vw, 300px\" \/><\/a><a href=\"#\" id=\"product_id_150\" class=\"owp-quick-view\" data-product_id=\"150\"><i class=\"icon-eye\" aria-hidden=\"true\"><\/i>Visualiza\u00e7\u00e3o r\u00e1pida<\/a>\t<\/div><!-- .woo-entry-image-swap -->\n\n<ul class=\"woo-entry-inner clr\"><li class=\"image-wrap\">\n\t<div class=\"woo-entry-image-swap woo-entry-image clr\">\n\t\t<a href=\"http:\/\/galo.rduphold.com.br\/index.php\/produto\/caneca-oficial-galo-futsal\/\" class=\"woocommerce-LoopProduct-link\"><img width=\"300\" height=\"400\" src=\"http:\/\/galo.rduphold.com.br\/wp-content\/uploads\/2020\/12\/Caneca-02-300x400.jpeg\" class=\"woo-entry-image-main\" alt=\"Caneca Oficial Galo Futsal\" loading=\"lazy\" itemprop=\"image\" srcset=\"http:\/\/galo.rduphold.com.br\/wp-content\/uploads\/2020\/12\/Caneca-02-300x400.jpeg 300w, http:\/\/galo.rduphold.com.br\/wp-content\/uploads\/2020\/12\/Caneca-02-225x300.jpeg 225w, http:\/\/galo.rduphold.com.br\/wp-content\/uploads\/2020\/12\/Caneca-02-600x800.jpeg 600w, http:\/\/galo.rduphold.com.br\/wp-content\/uploads\/2020\/12\/Caneca-02.jpeg 768w\" sizes=\"(max-width: 300px) 100vw, 300px\" \/><img width=\"300\" height=\"400\" src=\"http:\/\/galo.rduphold.com.br\/wp-content\/uploads\/2020\/12\/Caneca01-300x400.jpeg\" class=\"woo-entry-image-secondary\" alt=\"Caneca Oficial Galo Futsal\" loading=\"lazy\" itemprop=\"image\" srcset=\"http:\/\/galo.rduphold.com.br\/wp-content\/uploads\/2020\/12\/Caneca01-300x400.jpeg 300w, http:\/\/galo.rduphold.com.br\/wp-content\/uploads\/2020\/12\/Caneca01-225x300.jpeg 225w, http:\/\/galo.rduphold.com.br\/wp-content\/uploads\/2020\/12\/Caneca01-600x800.jpeg 600w, http:\/\/galo.rduphold.com.br\/wp-content\/uploads\/2020\/12\/Caneca01.jpeg 768w\" sizes=\"(max-width: 300px) 100vw, 300px\" \/><\/a><a href=\"#\" id=\"product_id_150\" class=\"owp-quick-view\" data-product_id=\"150\"><i class=\"icon-eye\" aria-hidden=\"true\"><\/i>Visualiza\u00e7\u00e3o r\u00e1pida<\/a>\t<\/div><!-- .woo-entry-image-swap -->\n\n<\/li><li class=\"category\"><a href=\"http:\/\/galo.rduphold.com.br\/index.php\/categoria-produto\/acessorios\/\" rel=\"tag\">Acess\u00f3rios<\/a><\/li><li class=\"title\"><h2><a href=\"http:\/\/galo.rduphold.com.br\/index.php\/produto\/caneca-oficial-galo-futsal\/\">Caneca Oficial Galo Futsal<\/a><\/h2><\/li><li class=\"price-wrap\">\n\t<span class=\"price\"><span class=\"woocommerce-Price-amount amount\"><bdi><span class=\"woocommerce-Price-currencySymbol\">&#82;&#36;<\/span>20,00<\/bdi><\/span><\/span>\n<\/li><li class=\"rating\"><div class=\"star-rating\"><span style=\"width:0%\">Avalia\u00e7\u00e3o <strong class=\"rating\">0<\/strong> de 5<\/span><\/div><\/li><li class=\"btn-wrap clr\"><a href=\"?add-to-cart=150\" data-quantity=\"1\" class=\"button product_type_simple add_to_cart_button ajax_add_to_cart\" data-product_id=\"150\" data-product_sku=\"\" aria-label=\"Adicionar &ldquo;Caneca Oficial Galo Futsal&rdquo; no seu carrinho\" rel=\"nofollow\">Comprar<\/a><\/li><\/ul><\/div><!-- .product-inner .clr --><\/li>\n<li class=\"entry has-media has-product-nav col span_1_of_4 owp-content-center owp-thumbs-layout-horizontal owp-btn-normal owp-tabs-layout-horizontal has-no-thumbnails circle-sale product type-product post-148 status-publish instock product_cat-acessorios has-post-thumbnail taxable shipping-taxable purchasable product-type-simple\">\n\t<div class=\"product-inner clr\">\n\t<div class=\"woo-entry-image clr\">\n\t\t<a href=\"http:\/\/galo.rduphold.com.br\/index.php\/produto\/bone-oficial-galo-futsal-2020\/\" class=\"woocommerce-LoopProduct-link\"><img width=\"300\" height=\"400\" src=\"http:\/\/galo.rduphold.com.br\/wp-content\/uploads\/2020\/12\/Bone-300x400.jpeg\" class=\"woo-entry-image-main\" alt=\"Bon\u00e9 Oficial Galo Futsal 2020\" loading=\"lazy\" itemprop=\"image\" srcset=\"http:\/\/galo.rduphold.com.br\/wp-content\/uploads\/2020\/12\/Bone-300x400.jpeg 300w, http:\/\/galo.rduphold.com.br\/wp-content\/uploads\/2020\/12\/Bone-225x300.jpeg 225w, http:\/\/galo.rduphold.com.br\/wp-content\/uploads\/2020\/12\/Bone-600x800.jpeg 600w, http:\/\/galo.rduphold.com.br\/wp-content\/uploads\/2020\/12\/Bone.jpeg 768w\" sizes=\"(max-width: 300px) 100vw, 300px\" \/><\/a><a href=\"#\" id=\"product_id_148\" class=\"owp-quick-view\" data-product_id=\"148\"><i class=\"icon-eye\" aria-hidden=\"true\"><\/i>Visualiza\u00e7\u00e3o r\u00e1pida<\/a>\t<\/div><!-- .woo-entry-image -->\n\n<ul class=\"woo-entry-inner clr\"><li class=\"image-wrap\">\n\t<div class=\"woo-entry-image clr\">\n\t\t<a href=\"http:\/\/galo.rduphold.com.br\/index.php\/produto\/bone-oficial-galo-futsal-2020\/\" class=\"woocommerce-LoopProduct-link\"><img width=\"300\" height=\"400\" src=\"http:\/\/galo.rduphold.com.br\/wp-content\/uploads\/2020\/12\/Bone-300x400.jpeg\" class=\"woo-entry-image-main\" alt=\"Bon\u00e9 Oficial Galo Futsal 2020\" loading=\"lazy\" itemprop=\"image\" srcset=\"http:\/\/galo.rduphold.com.br\/wp-content\/uploads\/2020\/12\/Bone-300x400.jpeg 300w, http:\/\/galo.rduphold.com.br\/wp-content\/uploads\/2020\/12\/Bone-225x300.jpeg 225w, http:\/\/galo.rduphold.com.br\/wp-content\/uploads\/2020\/12\/Bone-600x800.jpeg 600w, http:\/\/galo.rduphold.com.br\/wp-content\/uploads\/2020\/12\/Bone.jpeg 768w\" sizes=\"(max-width: 300px) 100vw, 300px\" \/><\/a><a href=\"#\" id=\"product_id_148\" class=\"owp-quick-view\" data-product_id=\"148\"><i class=\"icon-eye\" aria-hidden=\"true\"><\/i>Visualiza\u00e7\u00e3o r\u00e1pida<\/a>\t<\/div><!-- .woo-entry-image -->\n\n<\/li><li class=\"category\"><a href=\"http:\/\/galo.rduphold.com.br\/index.php\/categoria-produto\/acessorios\/\" rel=\"tag\">Acess\u00f3rios<\/a><\/li><li class=\"title\"><h2><a href=\"http:\/\/galo.rduphold.com.br\/index.php\/produto\/bone-oficial-galo-futsal-2020\/\">Bon\u00e9 Oficial Galo Futsal 2020<\/a><\/h2><\/li><li class=\"price-wrap\">\n\t<span class=\"price\"><span class=\"woocommerce-Price-amount amount\"><bdi><span class=\"woocommerce-Price-currencySymbol\">&#82;&#36;<\/span>30,00<\/bdi><\/span><\/span>\n<\/li><li class=\"rating\"><div class=\"star-rating\"><span style=\"width:0%\">Avalia\u00e7\u00e3o <strong class=\"rating\">0<\/strong> de 5<\/span><\/div><\/li><li class=\"btn-wrap clr\"><a href=\"?add-to-cart=148\" data-quantity=\"1\" class=\"button product_type_simple add_to_cart_button ajax_add_to_cart\" data-product_id=\"148\" data-product_sku=\"\" aria-label=\"Adicionar &ldquo;Bon\u00e9 Oficial Galo Futsal 2020&rdquo; no seu carrinho\" rel=\"nofollow\">Comprar<\/a><\/li><\/ul><\/div><!-- .product-inner .clr --><\/li>\n<\/ul>\n<\/div>\t\t<\/div>\n\t\t\t\t<\/div>\n\t\t\t\t\t\t<\/div>\n\t\t\t\t\t<\/div>\n\t\t<\/div>\n\t\t\t\t\t\t\t\t<\/div>\n\t\t\t\t\t<\/div>\n\t\t<\/section>\n\t\t\t\t\t\t<\/div>\n\t\t\t\t\t\t<\/div>\n\t\t\t\t\t<\/div>\n\t\t","protected":false},"excerpt":{"rendered":"<p>Anterior Pr\u00f3ximo Camisa de Viagem Galo Futsal 2021 Oficial \u2013 Infantil &#82;&#36;100 Ver Detalhes Camisa de Viagem Galo Futsal 2021 Oficial \u2013 Baby Look &#82;&#36;100 Ver Detalhes Camisa de Viagem Galo Futsal 2021 Oficial \u2013 Masculino &#82;&#36;100 Ver Detalhes Camisa Galo Futsal 2021 Oficial \u2013 Infantil Roxo &#82;&#36;100 Ver Detalhes Camisa Galo Futsal 2021 Oficial [&hellip;]<\/p>\n","protected":false},"author":1,"featured_media":0,"parent":0,"menu_order":0,"comment_status":"closed","ping_status":"closed","template":"elementor_header_footer","meta":{"spay_email":""},"_links":{"self":[{"href":"http:\/\/galo.rduphold.com.br\/index.php\/wp-json\/wp\/v2\/pages\/18"}],"collection":[{"href":"http:\/\/galo.rduphold.com.br\/index.php\/wp-json\/wp\/v2\/pages"}],"about":[{"href":"http:\/\/galo.rduphold.com.br\/index.php\/wp-json\/wp\/v2\/types\/page"}],"author":[{"embeddable":true,"href":"http:\/\/galo.rduphold.com.br\/index.php\/wp-json\/wp\/v2\/users\/1"}],"replies":[{"embeddable":true,"href":"http:\/\/galo.rduphold.com.br\/index.php\/wp-json\/wp\/v2\/comments?post=18"}],"version-history":[{"count":70,"href":"http:\/\/galo.rduphold.com.br\/index.php\/wp-json\/wp\/v2\/pages\/18\/revisions"}],"predecessor-version":[{"id":595,"href":"http:\/\/galo.rduphold.com.br\/index.php\/wp-json\/wp\/v2\/pages\/18\/revisions\/595"}],"wp:attachment":[{"href":"http:\/\/galo.rduphold.com.br\/index.php\/wp-json\/wp\/v2\/media?parent=18"}],"curies":[{"name":"wp","href":"https:\/\/api.w.org\/{rel}","templated":true}]}}